{"id":1291,"date":"2025-10-19T20:58:29","date_gmt":"2025-10-19T20:58:29","guid":{"rendered":"https:\/\/vhlavacek.com\/?page_id=1291"},"modified":"2026-03-16T13:35:32","modified_gmt":"2026-03-16T13:35:32","slug":"caflou-tips-guides","status":"publish","type":"page","link":"https:\/\/vhlavacek.com\/cs\/caflou-tips-guides\/","title":{"rendered":"Caflou tipy&amp;n\u00e1vody"},"content":{"rendered":"<div  data-label=\"Content\" data-id=\"portfolio--1\" data-export-id=\"portfolio-3\" data-category=\"portfolio\" class=\"portfolio-3 content-section content-section-spacing\" id=\"content\" style=\"background-color: rgb(28, 28, 28); background-image: none;\"><div  class=\"gridContainer\"><div  data-section-title-area=\"true\" class=\"row text-center\">   <div  class=\"section-title-col\" data-type=\"column\">              <p  class=\"lead\"><span  style=\"color: rgb(213, 213, 213); font-style: italic;\">* V\u00edce informac\u00ed z\u00edsk\u00e1te, kdy\u017e najedete kurzorem na obr\u00e1zek.<\/span><\/p>   <\/div><\/div>  <div  class=\"row spaced-cols space-bottom center-sm content-center-sm\" data-type=\"row\"> <div  class=\"col-xs-12 col-sm-4 text-center\"> <div  class=\"card no-padding bottom-border-color1 no-shadow\"> <div  data-hover-fx=\"portfolio-3\" class=\"contentswap-effect\"> <div  class=\"initial-image\"> <img  decoding=\"async\" data-size=\"500x333\" src=\"http:\/\/vhlavacek.com\/wp-content\/uploads\/2026\/03\/web-bannerCaflou-tipsguides_new2026.png\"><\/div> <div  class=\"overlay bg-color6\"><\/div> <div  class=\"swap-inner col-xs-12\"> <div  class=\"row full-height-row middle-xs middle-sm\"> <div  class=\"col-xs-12 text-center content-holder\"> <a  class=\"button big color1\" href=\"https:\/\/www.caflou.cz\/jak-pracovat-s-modulem-registr\" target=\"_blank\" data-cp-link=\"1\" data-icon=\"\">\u010c\u00edst v\u00edce<\/a><\/div> <\/div><\/div> <\/div> <div  class=\"space-bottom space-top col-xs-12\" data-type=\"column\"> <h6  class=\"\"><span  style=\"color: rgb(3, 145, 255);\">#1<\/span><\/h6><h4  class=\"\">Jak pracovat s modulem Registr<\/h4> <p  class=\"\"><span  style=\"color: rgb(30, 30, 30);\">M\u00e1te spoustu tabulek kolem Caflou a p\u0159em\u00fd\u0161l\u00edte jak se jich zbavit? V\u00edte co to je v Caflou Registr a jak ho spr\u00e1vn\u011b pou\u017e\u00edvat? M\u00e1m pro v\u00e1s tip\u2026<\/span><\/p><\/div> <\/div><\/div>   <div  class=\"col-xs-12 col-sm-4 text-center\"> <div  class=\"card no-padding bottom-border-color1 no-shadow\"> <div  data-hover-fx=\"portfolio-3\" class=\"contentswap-effect\"> <div  class=\"initial-image\"> <img  decoding=\"async\" data-size=\"500x333\" src=\"http:\/\/vhlavacek.com\/wp-content\/uploads\/2026\/03\/web-bannerCaflou-tipsguides_new2026.png\"><\/div> <div  class=\"overlay bg-color6\"><\/div> <div  class=\"swap-inner col-xs-12\"> <div  class=\"row full-height-row middle-xs middle-sm\"> <div  class=\"col-xs-12 text-center content-holder\"> <a  class=\"button big color1\" href=\"https:\/\/www.caflou.cz\/jak-na-chytre-a-automaticke-notifikace-v-caflou\" target=\"_blank\" data-cp-link=\"1\" data-icon=\"\">\u010c\u00edst v\u00edce<\/a><\/div> <\/div><\/div> <\/div> <div  class=\"space-bottom space-top col-xs-12\" data-type=\"column\"> <h6  class=\"\"><span  style=\"color: rgb(3, 145, 255);\">#2<\/span><\/h6><h4  class=\"\">Jak na chytr\u00e9 (a automatick\u00e9) notifikace v Caflou<\/h4> <p  class=\"\"><span  style=\"color: rgb(30, 30, 30);\">M\u00e1m pro v\u00e1s p\u00e1r tip\u016f, jak nastavit chytr\u00e1 upozorn\u011bn\u00ed a notifikace v Caflou\u2026<\/span><\/p><p  class=\"\"><span  style=\"color: rgb(30, 30, 30);\">Firmy \u010dasto p\u0159ich\u00e1zej\u00ed o d\u016fle\u017eit\u00e9 term\u00edny a \u00fakoly kv\u016fli zahlcen\u00ed informacemi. Chytr\u00e9 notifikace v Caflou pom\u00e1haj\u00ed doru\u010dit spr\u00e1vnou informaci ve spr\u00e1vn\u00fd \u010das, \u010d\u00edm\u017e zefektiv\u0148uj\u00ed pr\u00e1ci a sni\u017euj\u00ed riziko chyb. A d\u00edky automatick\u00fdm upozorn\u011bn\u00edm se minimalizuje riziko zpo\u017ed\u011bn\u00ed a p\u0159ehl\u00e9dnut\u00fdch \u00fakol\u016f. T\u00fdmy tak l\u00e9pe spolupracuj\u00ed, maj\u00ed p\u0159ehled o d\u011bn\u00ed a nemus\u00ed v\u0161e ru\u010dn\u011b kontrolovat.<\/span><\/p><\/div> <\/div><\/div><div  class=\"col-xs-12 col-sm-4 text-center\"> <div  class=\"card no-padding bottom-border-color1 no-shadow\"> <div  data-hover-fx=\"portfolio-3\" class=\"contentswap-effect\"> <div  class=\"initial-image\"> <img  decoding=\"async\" data-size=\"500x333\" src=\"http:\/\/vhlavacek.com\/wp-content\/uploads\/2026\/03\/web-bannerCaflou-tipsguides_new2026.png\"><\/div> <div  class=\"overlay bg-color6\"><\/div> <div  class=\"swap-inner col-xs-12\"> <div  class=\"row full-height-row middle-xs middle-sm\"> <div  class=\"col-xs-12 text-center content-holder\"> <a  class=\"button big color1\" href=\"https:\/\/www.caflou.cz\/novy-ganttuv-diagram-a-rizeni-casove-osy-projektu\" target=\"_blank\" data-cp-link=\"1\" data-icon=\"\">\u010c\u00edst v\u00edce<\/a><\/div> <\/div><\/div> <\/div> <div  class=\"space-bottom space-top col-xs-12\" data-type=\"column\"> <h6  class=\"\"><span  style=\"color: rgb(3, 145, 255);\">#3<\/span><\/h6><h4  class=\"\">Nov\u00fd gantt\u016fv diagram a \u0159\u00edzen\u00ed \u010dasov\u00e9 osy projekt\u016f<\/h4> <p  class=\"\"><span  style=\"color: rgb(30, 30, 30);\">Jsem nad\u0161en\u00fd, tak nad\u0161en\u00fd, \u017ee v\u00e1m mus\u00edm uk\u00e1zat novinku v Caflou \u2013 \u0159\u00edzen\u00ed \u010dasov\u00e9 osy projekt\u016f v nov\u00e9m ganttov\u011b diagramu\u2026<\/span><\/p><p  class=\"\"><span  style=\"color: rgb(30, 30, 30);\">Nov\u011b tedy m\u016f\u017eeme v ganttov\u011b diagramu filtrovat, \u0159adit, skr\u00fdvat\/zobrazovat i propojovat nap\u0159\u00ed\u010d projekty. V\u00edce ve videokoment\u00e1\u0159i.<\/span><\/p><\/div> <\/div><\/div><div  class=\"col-xs-12 col-sm-4 text-center\"> <div  class=\"card no-padding bottom-border-color1 no-shadow\"> <div  data-hover-fx=\"portfolio-3\" class=\"contentswap-effect\"> <div  class=\"initial-image\"> <img  decoding=\"async\" data-size=\"500x333\" src=\"http:\/\/vhlavacek.com\/wp-content\/uploads\/2026\/03\/web-bannerCaflou-tipsguides_new2026.png\"><\/div> <div  class=\"overlay bg-color6\"><\/div> <div  class=\"swap-inner col-xs-12\"> <div  class=\"row full-height-row middle-xs middle-sm\"> <div  class=\"col-xs-12 text-center content-holder\"> <a  class=\"button big color1\" href=\"https:\/\/www.caflou.cz\/jak-na-digitalni-podpis-dokumentu-s-caflou-sign\" target=\"_blank\" data-cp-link=\"1\" data-icon=\"\">\u010c\u00edst v\u00edce<\/a><\/div> <\/div><\/div> <\/div> <div  class=\"space-bottom space-top col-xs-12\" data-type=\"column\"> <h6  class=\"\"><span  style=\"color: rgb(3, 145, 255);\">#4<\/span><\/h6><h4  class=\"\">Jak na digit\u00e1ln\u00ed podpis dokument\u016f<\/h4> <p  class=\"\"><span  style=\"color: rgb(30, 30, 30);\">Je tady konec ZohoSign v Caflou (d\u00edky za to) a kone\u010dn\u011b m\u00e1me k dispozici n\u011bco funk\u010dn\u00edho a jednoduch\u00e9ho \u2013 Caflou Sign\u2026 Tedy digit\u00e1ln\u00ed\/elektronick\u00e9 podepisov\u00e1n\u00ed dokument\u016f p\u0159\u00edmo z Caflou. Jak na to? Automaticky i manu\u00e1ln\u011b zde.<\/span><\/p><\/div> <\/div><\/div><\/div> <div  class=\"row\"> <div  data-type=\"column\" class=\"col-xs-12 text-center\"> <\/div> <\/div><\/div> <\/div>","protected":false},"excerpt":{"rendered":"<p>* Find out more by hovering your cursor over the image. Read more #1How to work with the Assets module M\u00e1te spoustu tabulek kolem Caflou a p\u0159em\u00fd\u0161l\u00edte jak se jich zbavit? V\u00edte co to je v Caflou Registr a jak ho spr\u00e1vn\u011b pou\u017e\u00edvat? M\u00e1m pro v\u00e1s tip\u2026 Read more #2How to set up smart (and&hellip; <br \/> <a class=\"read-more\" href=\"https:\/\/vhlavacek.com\/cs\/caflou-tips-guides\/\">\u010c\u00edst v\u00edce<\/a><\/p>","protected":false},"author":2,"featured_media":0,"parent":0,"menu_order":0,"comment_status":"closed","ping_status":"closed","template":"pro\/page-templates\/full-width-page.php","meta":{"footnotes":"","_links_to":"","_links_to_target":""},"class_list":["post-1291","page","type-page","status-publish","hentry"],"_links":{"self":[{"href":"https:\/\/vhlavacek.com\/cs\/wp-json\/wp\/v2\/pages\/1291","targetHints":{"allow":["GET"]}}],"collection":[{"href":"https:\/\/vhlavacek.com\/cs\/wp-json\/wp\/v2\/pages"}],"about":[{"href":"https:\/\/vhlavacek.com\/cs\/wp-json\/wp\/v2\/types\/page"}],"author":[{"embeddable":true,"href":"https:\/\/vhlavacek.com\/cs\/wp-json\/wp\/v2\/users\/2"}],"replies":[{"embeddable":true,"href":"https:\/\/vhlavacek.com\/cs\/wp-json\/wp\/v2\/comments?post=1291"}],"version-history":[{"count":22,"href":"https:\/\/vhlavacek.com\/cs\/wp-json\/wp\/v2\/pages\/1291\/revisions"}],"predecessor-version":[{"id":1641,"href":"https:\/\/vhlavacek.com\/cs\/wp-json\/wp\/v2\/pages\/1291\/revisions\/1641"}],"wp:attachment":[{"href":"https:\/\/vhlavacek.com\/cs\/wp-json\/wp\/v2\/media?parent=1291"}],"curies":[{"name":"wp","href":"https:\/\/api.w.org\/{rel}","templated":true}]}}